{"id":41,"date":"2016-02-12T18:32:55","date_gmt":"2016-02-12T16:32:55","guid":{"rendered":"http:\/\/laureensal.hypotheses.org\/?page_id=41"},"modified":"2017-07-04T17:55:54","modified_gmt":"2017-07-04T15:55:54","slug":"transitions-techniques-performances-et-significations","status":"publish","type":"page","link":"https:\/\/www.laure.archi.fr\/?page_id=41","title":{"rendered":"Transitions techniques &#8211; performances et significations"},"content":{"rendered":"<p style=\"text-align: justify;\">Les enjeux du d\u00e9veloppement durable, de la soci\u00e9t\u00e9 de l\u2019information, des ph\u00e9nom\u00e8nes de mondialisation et d\u2019acculturation, sont moteurs de transitions et d\u2019innovations dans le domaine technique. Cette entr\u00e9e s\u2019int\u00e9resse aux relations que l\u2019architecture (en tant qu\u2019objet ou en tant que processus) entretient avec la sph\u00e8re technique. Il s\u2019agit de mieux comprendre la nature, les cons\u00e9quences et les potentiels des transitions techniques r\u00e9centes et actuelles. L\u2019objectif t\u00e9l\u00e9ologique commun de ces travaux est d\u2019am\u00e9liorer les coh\u00e9rences entre performances (structurelles, \u00e9conomiques, sociales, acoustique, de communication, \u00e9cologiques, etc.) et ce qui est propre \u00e0 l\u2019architecture (l\u2019expression, la construction symbolique de l\u2019espace, les significations, l\u2019espace sensoriel&#8230;). Bien que les \u201ctechniques\u201d envisag\u00e9es ici soient du ressort des sciences de l\u2019ing\u00e9nieur (m\u00e9canique des structures, physique du b\u00e2timent, sciences de l\u2019environnement, informatique), l\u2019ensemble des disciplines sont potentiellement convoqu\u00e9es pour comprendre comment ces techniques participent de la conception, de la r\u00e9alisation, de la r\u00e9ception de l\u2019architecture, consid\u00e9r\u00e9e aujourd\u2019hui comme syst\u00e8me appartenant au vivant.<\/p>\n<p style=\"text-align: justify;\">Animateurs : <a href=\"https:\/\/www.laure.archi.fr\/?page_id=342\">Serge Monnot,<\/a> <a href=\"https:\/\/www.laure.archi.fr\/?page_id=196\">R\u00e9my Mouterde<\/a>\u00a0et <a href=\"https:\/\/www.laure.archi.fr\/?page_id=121\">Lise Serra<\/a><\/p>\n<p style=\"text-align: justify;\">\n","protected":false},"excerpt":{"rendered":"<p>Les enjeux du d\u00e9veloppement durable, de la soci\u00e9t\u00e9 de l\u2019information, des ph\u00e9nom\u00e8nes de mondialisation et d\u2019acculturation, sont moteurs de transitions et d\u2019innovations dans le domaine technique. Cette entr\u00e9e s\u2019int\u00e9resse aux relations que l\u2019architecture (en tant qu\u2019objet ou en tant que processus) entretient avec la sph\u00e8re technique. Il s\u2019agit de mieux comprendre la nature, les cons\u00e9quences &hellip; <a href=\"https:\/\/www.laure.archi.fr\/?page_id=41\" class=\"more-link\">Continuer la lecture de <span class=\"screen-reader-text\">Transitions techniques &#8211; performances et significations<\/span> <span class=\"meta-nav\">&rarr;<\/span><\/a><\/p>\n","protected":false},"author":2,"featured_media":0,"parent":0,"menu_order":0,"comment_status":"closed","ping_status":"closed","template":"","meta":[],"_links":{"self":[{"href":"https:\/\/www.laure.archi.fr\/index.php?rest_route=\/wp\/v2\/pages\/41"}],"collection":[{"href":"https:\/\/www.laure.archi.fr\/index.php?rest_route=\/wp\/v2\/pages"}],"about":[{"href":"https:\/\/www.laure.archi.fr\/index.php?rest_route=\/wp\/v2\/types\/page"}],"author":[{"embeddable":true,"href":"https:\/\/www.laure.archi.fr\/index.php?rest_route=\/wp\/v2\/users\/2"}],"replies":[{"embeddable":true,"href":"https:\/\/www.laure.archi.fr\/index.php?rest_route=%2Fwp%2Fv2%2Fcomments&post=41"}],"version-history":[{"count":1,"href":"https:\/\/www.laure.archi.fr\/index.php?rest_route=\/wp\/v2\/pages\/41\/revisions"}],"predecessor-version":[{"id":765,"href":"https:\/\/www.laure.archi.fr\/index.php?rest_route=\/wp\/v2\/pages\/41\/revisions\/765"}],"wp:attachment":[{"href":"https:\/\/www.laure.archi.fr\/index.php?rest_route=%2Fwp%2Fv2%2Fmedia&parent=41"}],"curies":[{"name":"wp","href":"https:\/\/api.w.org\/{rel}","templated":true}]}}