{"id":400,"date":"2016-06-17T10:27:08","date_gmt":"2016-06-17T08:27:08","guid":{"rendered":"http:\/\/laureensal.hypotheses.org\/?page_id=400"},"modified":"2016-06-17T10:27:08","modified_gmt":"2016-06-17T08:27:08","slug":"5-autres-productions","status":"publish","type":"page","link":"https:\/\/www.laure.archi.fr\/?page_id=400","title":{"rendered":"5. Autres productions"},"content":{"rendered":"<p style=\"text-align: justify\"><strong>AP : Autres productions<\/strong><\/p>\n<p style=\"text-align: justify\"><strong>Meynier-Philip, M<\/strong>.; \u00ab\u00a0Etude historique et analyse architecturale de l\u2019\u00e9glise Notre Dame de l\u2019Esp\u00e9rance\u00a0de Pierre Genton\u00a0\u00bb, Le Rize , dans le cadre de l&rsquo;exposition <em>Au fil d\u2019un quartier, Une cit\u00e9 Gillet<\/em>, Villeurbanne, du 06 octobre au 23 d\u00e9cembre 2016.<\/p>\n<p style=\"text-align: justify\">Chilingarian Nune; <em>La modernit\u00e9 pass\u00e9iste de la Maurelette: Une exp\u00e9rimentation embl\u00e9matique du logement social \u00e0 la p\u00e9riode transitoire<\/em>\u00a0; Intervention au s\u00e9minaire \u00ab\u00a0Grands ensembles\u00a0\u00bb de l\u2019atelier\u00a06 EVS, 13 novembre 2015.<\/p>\n<p style=\"text-align: justify\"><strong>Colomb, V.\u00a0; Tran, F.\u00a0; Veschambre, V.\u00a0<\/strong>; \u00ab L\u2019image de l\u2019universit\u00e9 dans la ville \u00bb, <em>rapport final, axe 2 \u00ab Economie de la connaissance \u00bb<\/em>, POPSU2, PUCA, Grand Lyon, 2013.<\/p>\n<p style=\"text-align: justify\"><strong>Demilly, Estelle<\/strong>\u00a0; <em>Autisme et architecture \u2013 Relations entre les formes architecturales et l\u2019\u00e9tat clinique des patients<\/em>, Th\u00e8se de Doctorat en architecture de L\u2019Ecole Nationale Sup\u00e9rieure d\u2019Architecture de Lyon, associ\u00e9e \u00e0 l\u2019Universit\u00e9 Lumi\u00e8re Lyon II, sous la direction de F. Fleury, soutenue le 24 juin 2014.<\/p>\n<p style=\"text-align: justify\"><strong>Fleury F. &amp; al.<\/strong> <em>R\u00e9alisation \u00e9nerg\u00e9tique<\/em>. Rapport final, programme national Ignis Mutat Res \u2013 Penser l\u2019architecture, la ville et les paysages au prisme de l\u2019\u00e9nergie. Mai 2014.<\/p>\n<p style=\"text-align: justify\"><strong>Gras, Pierre<\/strong>\u00a0; chapitre dans <em>L\u2019architecture des coll\u00e8ges de l\u2019Eure<\/em>, \u00e9d. Point de vues, 2013, ouvrage catalogue de l\u2019exposition \u00ab Dessine-moi un coll\u00e8ge \u00bb, organis\u00e9e \u00e0 Evreux (Eure), nov. 2013-mars 2014.<\/p>\n<p style=\"text-align: justify\"><strong>Gras, Pierre<\/strong>\u00a0; <em>New York Factories<\/em>, San Francisco, Blurb Publ., 2014.<\/p>\n<p style=\"text-align: justify\"><strong>Gras, Pierre<\/strong>; <em>Territoires et villes durables<\/em>, Lyon, \u00e9d. du Cerema, 2015.<\/p>\n<p style=\"text-align: justify\"><strong>Mira, Pascale<\/strong>\u00a0; <em>Penser l\u2019architecture environnementale \u2013 des id\u00e9es aux formes et des formes aux di\u00e9es\u00a0: dans quel processus de n\u00e9omorphisation sommes-nous\u00a0?<\/em>, Th\u00e8se de Doctorat en architecture de L\u2019Ecole Nationale Sup\u00e9rieure d\u2019Architecture de Lyon, associ\u00e9e \u00e0 l\u2019Universit\u00e9 Lumi\u00e8re Lyon II, sous la direction de F. Fleury, soutenue le 18 d\u00e9cembre 2015.<\/p>\n<p style=\"text-align: justify\"><strong>Monnot, S. ; Bret, B. ; Haroutounian, E. ; Sagnier, B. ; Tran, F.<\/strong> ; \u00ab\u00a0Introduction\u00a0\u00bb et textes du catalogue de l\u2019exposition lors du colloque international <em>Patrimoines en terre<\/em>, co-organis\u00e9 par l`UNACA et l`ENSAL en partenariat avec l\u2019Ambassade de France en Arm\u00e9nie, Erevan, RA, octobre-d\u00e9cembre 2015.<\/p>\n<p style=\"text-align: justify\"><strong>Monnot, Suzanne<\/strong> ; \u00ab Le mus\u00e9e arch\u00e9ologique d\u2019Er\u00e9bouni en Arm\u00e9nie \u00bb\u00bb, Rapport final technique qualitatif et d\u00e9taill\u00e9, programme de la R\u00e9gion Rh\u00f4ne-Alpes \u00ab CMIRA COOPERA 20013-2014 \u00bb, rapport rendu juillet 2015.<\/p>\n<p style=\"text-align: justify\"><strong>Monnot, S. ; Damizet, S. ; Sagnier, B.<\/strong> ; \u00ab\u00a0Introduction\u00a0\u00bb et textes du catalogue de l\u2019exposition <em>Projets &amp; Perspectives pour Djermouk<\/em>, organis\u00e9e avec l\u2019Universit\u00e9 Nationale d\u2019Architecture et Construction (UNACA) , en partenariat avec l\u2019Ambassade de France en Arm\u00e9nie et l\u2019Alliance Fran\u00e7aise, \u00e0 l\u2019Union Nationale des Architectes \u00e0 Er\u00e9van (Arm\u00e9nie), oct. 2014.<\/p>\n<p style=\"text-align: justify\"><strong>Monnot, Suzanne<\/strong> ; <em>Les villes thermales en Rh\u00f4ne-Alpes et Arm\u00e9nie : un patrimoine architectural, urbain et paysager<\/em>, Rapports finaux 1 et 2 techniques qualitatifs et d\u00e9taill\u00e9s, programmes de la R\u00e9gion Rh\u00f4ne-Alpes \u00ab CMIRA COOPERA 2011-2012 et 2012-2013 \u00bb, juin 2013 et mai 2014.<\/p>\n<p style=\"text-align: justify\"><strong>\u00a0Perrier, Olivier<\/strong>\u00a0;\u00ab L\u2019architecture des lieux \u00e0 l\u2019\u00e9preuve de la chor\u00e9graphie labanienne \u00bb, A partir et autour des recherches de Pierre Boudon, Laboratoire Espace Virtuel de Conception pour l\u2019Architecture et l\u2019Urbanisme (EVCAU), \u00a0\u00a0\u00a0\u00a0\u00a0\u00a0\u00a0\u00a0\u00a0\u00a0\u00a0\u00a0 \u00a0\u00a0\u00a0Ecole Nationale Sup\u00e9rieure d\u2019Architecture de Paris-Val-de-Seine, 20 mai 2015<\/p>\n<p style=\"text-align: justify\"><strong>V\u00e9drine, Corine<\/strong>\u00a0; <em>L\u2019esprit du capitalisme selon Michelin. Ethnologie d\u2019un mythe industriel <\/em>Conf\u00e9rence-d\u00e9bat autour de la sortie du livre, Associations des amis de la Commune de Paris (Andr\u00e9 Bellerose), Amis du temps des cerises, Amis de l\u2019Huma, Attac, Association de soutien au film Paroles de Bibs, CGT Michelin, Clermont-Ferrand, 10 septembre 2015.<\/p>\n<p style=\"text-align: justify\"><strong>Veschambre, Vincent<\/strong>\u00a0; \u00ab Quel patrimoine du XX\u00e8me si\u00e8cle pour Lyon ? R\u00e9flexions \u00e0 partir du cas de la Part-Dieu \u00bb, <em>Caf\u00e9 g\u00e9o<\/em>, <a href=\"http:\/\/cafe-geo.net\/article.php3?id_article=2401\"><u><span style=\"color: #0066cc\">http:\/\/cafe-geo.net\/article.php3?id_article=2401<\/span><\/u><\/a>, 2013<\/p>\n<p style=\"text-align: justify\"><strong>Veschambre, Vincent\u00a0;<\/strong> contribution au rapport <em>Nouveaux d\u00e9fis pour le patrimoine culturel<\/em>, Maria GRAVARI-BARBAS (dir.), ARP Patermondi, ANR, mars 2014, 140 pages, 2014<\/p>\n","protected":false},"excerpt":{"rendered":"<p>AP : Autres productions Meynier-Philip, M.; \u00ab\u00a0Etude historique et analyse architecturale de l\u2019\u00e9glise Notre Dame de l\u2019Esp\u00e9rance\u00a0de Pierre Genton\u00a0\u00bb, Le Rize , dans le cadre de l&rsquo;exposition Au fil d\u2019un quartier, Une cit\u00e9 Gillet, Villeurbanne, du 06 octobre au 23 d\u00e9cembre 2016. Chilingarian Nune; La modernit\u00e9 pass\u00e9iste de la Maurelette: Une exp\u00e9rimentation embl\u00e9matique du logement &hellip; <a href=\"https:\/\/www.laure.archi.fr\/?page_id=400\" class=\"more-link\">Continuer la lecture de <span class=\"screen-reader-text\">5. Autres productions<\/span> <span class=\"meta-nav\">&rarr;<\/span><\/a><\/p>\n","protected":false},"author":2,"featured_media":0,"parent":0,"menu_order":0,"comment_status":"closed","ping_status":"closed","template":"","meta":[],"_links":{"self":[{"href":"https:\/\/www.laure.archi.fr\/index.php?rest_route=\/wp\/v2\/pages\/400"}],"collection":[{"href":"https:\/\/www.laure.archi.fr\/index.php?rest_route=\/wp\/v2\/pages"}],"about":[{"href":"https:\/\/www.laure.archi.fr\/index.php?rest_route=\/wp\/v2\/types\/page"}],"author":[{"embeddable":true,"href":"https:\/\/www.laure.archi.fr\/index.php?rest_route=\/wp\/v2\/users\/2"}],"replies":[{"embeddable":true,"href":"https:\/\/www.laure.archi.fr\/index.php?rest_route=%2Fwp%2Fv2%2Fcomments&post=400"}],"version-history":[{"count":0,"href":"https:\/\/www.laure.archi.fr\/index.php?rest_route=\/wp\/v2\/pages\/400\/revisions"}],"wp:attachment":[{"href":"https:\/\/www.laure.archi.fr\/index.php?rest_route=%2Fwp%2Fv2%2Fmedia&parent=400"}],"curies":[{"name":"wp","href":"https:\/\/api.w.org\/{rel}","templated":true}]}}