{"id":312,"date":"2016-06-13T14:24:30","date_gmt":"2016-06-13T12:24:30","guid":{"rendered":"http:\/\/laureensal.hypotheses.org\/?page_id=312"},"modified":"2016-06-13T14:24:30","modified_gmt":"2016-06-13T12:24:30","slug":"3-communications","status":"publish","type":"page","link":"https:\/\/www.laure.archi.fr\/?page_id=312","title":{"rendered":"3. Communications"},"content":{"rendered":"<p><strong>ACTI : Communications avec actes dans un congr\u00e8s international.<\/strong><\/p>\n<p style=\"text-align: justify\"><strong>Meynier-Philip, M<\/strong>.; \u00ab\u00a0\u00c9glises XX\u00e8me, un manifeste de flexibilit\u00e9 architecturale. Etude sur la m\u00e9tropole Lyon Saint-Etienne\u00a0\u00bb, dans\u00a0<em>L\u2019avenir des \u00e9glises<\/em>, Lyon, France, le 20 octobre 2016 (publication des actes automne 2017)<\/p>\n<p style=\"text-align: justify\"><strong>Morl\u00e9, E.; Castaigne, J.-L.; \u00ab <\/strong>Valoriser la conception partag\u00e9e en \u00e9quipe dans l\u2019enseignement de l\u2019architecture pour changer les repr\u00e9sentations du m\u00e9tier \u00bb Dans <em>Les valeurs dans l\u2019enseignement sup\u00e9rieur, 29\u00e8me Congr\u00e8s de l&rsquo;Association Internationale de P\u00e9dagogie Universitaire (AIPU)<\/em>. Lausanne, CH, 2016<\/p>\n<p style=\"text-align: justify\"><strong>Meynier-Philip, M.; \u00ab <\/strong>Au-del\u00e0 de la conversion\u00a0: la conservation de l\u2019int\u00e9grit\u00e9 architecturale. Une architecture en soi comme m\u00e9diateur de sens \u00bb Dans <em>What does heritage change? Le patrimoine \u00e7a change quoi? <\/em><em>Colloque international organis\u00e9 par l\u2019Association\u00a0of Critical Heritage Studies.\u00a0<\/em>Atelier: R\u00e9inventer la pr\u00e9sence et le r\u00f4le du patrimoine eccl\u00e9sial dans une soci\u00e9t\u00e9 la\u00efque, Montr\u00e9al 2016 (actes en cours)<\/p>\n<p><strong>Gras, P.\u00a0<\/strong>; \u00ab\u00a0Ville verticale vs ville r\u00e9siliente\u00a0? Les cons\u00e9quences de l\u2019ouragan Sandy sur les strat\u00e9gies urbaines de la ville de New York\u00a0: le cas de South Manhattan\u00a0\u00bb, <em>colloque \u00ab\u00a0La ville verticale \/ Vertical City\u00a0\u00bb<\/em>, Universit\u00e9 Lyon\u00a02, novembre 2015 (actes en cours)<\/p>\n<p style=\"text-align: justify\">\u00a0<strong>Cazeaux, L.\u00a0; Morain, M.\u00a0; Des\u00e8vedavy, G.<\/strong>\u00a0; \u00ab Du retour d\u2019usage \u00e0 une conception Soft-Tech \u00bb <em>Deuxi\u00e8mes Journ\u00e9es internationales de sociologie de l\u2019\u00e9nergie<\/em>, Universit\u00e9 Fran\u00e7ois-Rabelais \/ Tours, 2015<\/p>\n<p style=\"text-align: justify\"><strong>Couturier, B.; Veschambre V.<\/strong>; \u00ab\u00a0Industrial buildings as architectural monuments: A flimsy protection\u00a0\u00bb Dans les <em>actes du Congress TICCIH<\/em> : <em>Industrial heritage in the Twenty-First Century<\/em> du 6 au 11 septembre 2015, Lille Region 2015.<\/p>\n<p style=\"text-align: justify\"><strong>Fleury, F.; Duprat, B.<\/strong> ; \u00ab Analysis of an unpublished treatise of an 18th century engineer, Antoine d\u2019Alleman (1679-1760) \u00bb, dans les <em>actes du Fifth International congress on Construction History<\/em>, du 3 au 7 juin 2015. 8 pages.<\/p>\n<p style=\"text-align: justify\"><strong>Perrier, Olivier<\/strong>\u00a0; \u00ab Les plaisirs du jardin en ville ou la f\u00eate comme projet de territoire \u00bb, <em>Rencontres Scientifiques Internationales de la Cit\u00e9 des Territoires<\/em>, Grenoble, 25 mars 2015<\/p>\n<p style=\"text-align: justify\"><strong>Monnot, S. ; Ter-Minassian, T.<\/strong> ; \u00ab Inventer le \u00ab Grand Erevan \u00bb : m\u00e9tropolisation et croissance urbaine (1965-1975) \u00bb <em>in actes du colloque international INVENTER LE GRAND PARIS : Regards crois\u00e9s sur les m\u00e9tropoles des ann\u00e9es 1940 \u00e0 la fin des ann\u00e9es 1960<\/em>, 1-2 d\u00e9cembre 2015, Paris (article accept\u00e9) 2016, \u00e0 para\u00eetre.<\/p>\n<p style=\"text-align: justify\"><strong>Veschambre, Vincent<\/strong>\u00a0; 2015, \u00ab R\u00e9novation et d\u00e9verticalisation dans les grands ensembles : \u00e9tat des lieux \u00e0 partir du cas rh\u00f4nalpin\u00bb, communication au colloque international <em>La ville verticale<\/em>, Universit\u00e9 Lyon 2, du 25 au 27 novembre 2015<\/p>\n<p style=\"text-align: justify\"><strong>Paris, M.\u00a0; Regnault, C.\u00a0; Fiori, S.<\/strong>\u00a0; \u201cLa trame verte et bleue, un projet partag\u00e9. R\u00e9cit de l\u2019exp\u00e9rience p\u00e9dagogique du Chemin Gabugy men\u00e9e \u00e0 l\u2019Ecole d\u2019Architecture de Lyon (2012)\u201d, in <em>actes du colloque international L\u2019espace en partage<\/em>, Rennes, avril 2014, Presses Universitaires de Rennes (article accept\u00e9) 2016 \u00e0 para\u00eetre<\/p>\n<p style=\"text-align: justify\"><strong>Tran Fran\u00e7ois<\/strong>\u00a0; \u00ab La d\u00e9marche participative et prospective du d\u00e9partement de Sa\u00f4ne-et- Loire en France : comment devenir un territoire intelligent \u00bb, <em>82e congr\u00e8s ACFAS, Cr\u00e9ation de connaissances, imagination et grands projets<\/em>, Universit\u00e9 Concordia, Montr\u00e9al, Qu\u00e9bec, Canada, 13-14 mai 2014<\/p>\n<p style=\"text-align: justify\"><strong>Mongeard, L.\u00a0; Veschambre, V.<\/strong>\u00a0; \u00ab El\u00e9ments pour une histoire de la d\u00e9construction : \u00e9volutions en mati\u00e8re de d\u00e9molition de l\u2019habitat social (agglom\u00e9ration lyonnaise : 1978-2013) \u00bb, <em>2e congr\u00e8s Francophone d\u2019Histoire de la Construction<\/em>, ENSAL \u2013 Vaulx-en-Velin, 30 janvier 2014.<\/p>\n<p style=\"text-align: justify\"><strong>Monnot, Suzanne<\/strong> ; \u00ab Importance du patrimoine vernaculaire en terre, auto-construit, bricol\u00e9\u00a0\u00bb in <em>Actes des ateliers scientifiques internationaux<\/em> , Labex AE&amp;CC, CRAterre, ENSA Grenoble, 26 -28 mai 2014 publi\u00e9 en juillet 2015<\/p>\n<p style=\"text-align: justify\"><strong>Perrier, Olivier<\/strong>; \u00ab Towards a \u2018Rhythmology\u2019 of Architectural Ornament : Impasses and Hopes for Animation \u00bb, dans les actes du IDEA@UdeM 2013 (International Doctoral Encounters in Architecture @ Universit\u00e9 de Montr\u00e9al) <em>Ornament, Algorithms and Analogies : beween cognitive and technological operations in architecture<\/em>, 2013.<\/p>\n<p style=\"text-align: justify\"><strong>ACTN : Communications avec actes dans un congr\u00e8s national.<\/strong><\/p>\n<p style=\"text-align: justify\"><strong>Demilly, E.\u00a0; Courteix, S.\u00a0; Fleury F.\u00a0;Lavandier M.<\/strong>\u00a0; \u00ab\u00a0Autisme et Architecture : Relations entre les formes architecturales et l\u2019\u00e9tat clinique des patients\u00a0\u00bb, dans les <em>actes des Rencontres Interdisciplinaires Doctorales de l\u2019Architecture et de l\u2019Am\u00e9nagement Durables<\/em> (RIDA2D) , \u00e9dition num\u00e9rique 11 pages, 2013<\/p>\n<p style=\"text-align: justify\"><strong>Dufieux, Philippe<\/strong>\u00a0; \u00ab Parer au plus urgent : la r\u00e9appropriation des \u00e9difices cultuels au lendemain du Concordat \u00bb, dans <em>Les ann\u00e9es Fesch \u00e0 Lyon<\/em>, J.-D. Durand (dir), journ\u00e9es d\u2019\u00e9tudes d\u2019histoire religieuse, Mus\u00e9e historique de la Ville de Lyon, H\u00f4tel de Gadagne (7 juin), p. 35-51, 2015<\/p>\n<p style=\"text-align: justify\"><strong>Fiori, S.\u00a0; Hoffert, Y.\u00a0; Nowakowski, F.<\/strong>\u00a0; \u201d Prendre position dans l\u2019action : exp\u00e9riences p\u00e9dagogiques qui questionnent l\u2019imbrication entre analyse et projet\u201d, S\u00e9minaire <em>V&amp;T \/ Ville, territoire, paysage : vers un r\u00e9seau de pratiques et de savoirs dans les ENSA(P)<\/em>, Grands Ateliers de l\u2019Ile d\u2019Abeau, 26-27.03.2015\u00a0; presses universitaires de Saint Etienne (article accept\u00e9) 2016 \u00e0 para\u00eetre .<\/p>\n<p style=\"text-align: justify\"><strong>Lamontre-Berk, \u00d6zlem<\/strong>\u00a0; \u00ab\u00a0City words\u00a0\u00bb\u00a0; dans <em>A comparative study of the contribution of in-between places to urban life, \u201cpassing, passage, arcades\u201d as semi-public spaces<\/em>, actes du s\u00e9minaire by_pass_ing Karak\u00d6y, du 24 f\u00e9vrier au 8 mars 2013, \u00e0 Istanbul, 2014.<\/p>\n<p style=\"text-align: justify\"><strong>Monnot, S. ; Galstyan, G. ; Guillaud, H. ; Veschambre, V.<\/strong> ; \u00ab Architectures et Constructions en terre crue en Arm\u00e9nie: de l\u2019arch\u00e9ologie \u00e0 l\u2019habitat.\u00bb, dans les <em>actes des Rencontres Interdisciplinaires Doctorales de l\u2019Architecture et de l\u2019Am\u00e9nagement Durables<\/em> (RIDA2D) mars 2015, \u00e9dition num\u00e9rique. 12 pages, 2015<\/p>\n<p style=\"text-align: justify\"><strong>Perrier, Olivier<\/strong>\u00a0; \u00ab\u00a0D\u2019une proportion l\u2019autre, l\u00e9gitimations musicales et architecturales \u00e0 la fin du 17\u00e8me si\u00e8cle \u00bb, <em>Musiques et proportions, Journ\u00e9es de musiques anciennes<\/em>, Vanves, 24 novembre 2013<\/p>\n<p style=\"text-align: justify\"><strong>Tran, Fran\u00e7ois<\/strong>\u00a0; \u00ab\u00a0Forms of heterotopia\u00a0\u00bb\u00a0; dans <em>A comparative study of the contribution of in-between places to urban life, \u201cpassing, passage, arcades\u201d as semi-public spaces<\/em>, actes du s\u00e9minaire by_pass_ing Karak\u00d6y, du 24 f\u00e9vrier au 8 mars 2013, \u00e0 Istanbul, 2014.<\/p>\n<p style=\"text-align: justify\"><strong>Veschambre, Vincent<\/strong>\u00a0; \u00ab Comment en vient-on \u00e0 d\u00e9molir les tours et les barres ? R\u00e9cits de la r\u00e9novation urbaine \u00bb, s\u00e9minaire LAVUE : <em>Prospective et r\u00e9trospective : la ville en r\u00e9cits<\/em>, Ecole nationale sup\u00e9rieure d\u2019architecture Paris-Val de Seine, 15 janvier 2013<\/p>\n<p style=\"text-align: justify\"><strong>Veschambre, Vincent<\/strong>\u00a0; \u00ab Le HLM peut-il pr\u00e9tendre au titre de monument historique ? \u00bb, communication au colloque <em>La loi du 31 d\u00e9cembre 1913 relative aux monuments historiques et \u00e0 leurs abords : 100 ans plus tard, quelle protection pour quel patrimoine ?<\/em>, Facult\u00e9 de droit, d\u2019\u00e9conomie et de gestion, Universit\u00e9 d\u2019Angers, 7-8 f\u00e9vrier 2013.<\/p>\n<p style=\"text-align: justify\"><strong>Veschambre, Vincent<\/strong>\u00a0; \u00ab Effacements et mise en m\u00e9moire dans une commune anciennement industrielle : le cas de Villeurbanne \u00bb, <em>Colloque de l\u2019association fran\u00e7aise de sociologie (RT9 : Sociologie de l\u2019urbain et des territoires)<\/em>, Nantes, 2-3 septembre 2013.<\/p>\n<p style=\"text-align: justify\"><strong>Veschambre, Vincent<\/strong>\u00a0; \u00ab Paysage et patrimoine : quelles articulations ? \u00bb, introduction au colloque <em>Paysage(s) et patrimoine(s)<\/em>, Blois, ENSP, 24-25 septembre 2013.<\/p>\n<p style=\"text-align: justify\"><strong>Zanetti, T.\u00a0; Veschambre V.<\/strong>\u00a0; \u00ab Les chemin\u00e9es d\u2019usine, symboles ambivalents du pass\u00e9 industriel : un traitement diff\u00e9renci\u00e9 selon les contextes locaux (Tr\u00e9laz\u00e9, Villeurbanne, Givors, Saint-Chamond), colloque <em>Revendications et contestations patrimoniales, perspectives europ\u00e9ennes<\/em>, ENSA Paris-Val-de-Seine, UMR LAVUE, du 11 au 13 d\u00e9cembre 2014<\/p>\n<p style=\"text-align: justify\"><strong>COM : Communications orales sans actes dans un congr\u00e8s international ou national.<\/strong><\/p>\n<p style=\"text-align: justify\"><strong>Mascort-Albea E., Meynier-Philip M<\/strong>.; \u00a0\u00bb \u00c9glises ferm\u00e9es Vs Donn\u00e9es ouvertes. Nouveaux outils pour la diffusion du patrimoine : l\u2019exemple de l\u2019\u00e9glise du Bon Pasteur \u00e0 Lyon\u00a0\u00bb,\u00a0 <em>Les donn\u00e9es urbaines, quelles pratiques et quels savoirs? Perspectives pluridisciplinaires sur les traces num\u00e9riques<\/em>, Universit\u00e9 de Lyon ELICO, ERIC, EVS, LIRIS, France, le 14\u00a0 d\u00e9cembre 2016<\/p>\n<p style=\"text-align: justify\"><strong>Couturier, Bastien<\/strong>\u00a0; \u00ab\u00a0Protection au titre des monuments historiques : entre patrimonialisation et am\u00e9nagement du territoire\u00a0\u00bb\u00a0; <em>Visions urbaines \u2013 Identit\u00e9(s) et controverses patrimoniales : la condition culturelle en ville<\/em> , le 27 mars, ENS \u2013 Paris V, 2013.<\/p>\n<p style=\"text-align: justify\"><strong>Couturier, Bastien<\/strong>\u00a0; \u00ab\u00a0Analyse des crit\u00e8res propres \u00e0 construire la valeur patrimoniale par l\u2019\u00e9tude des actes ex\u00e9cutoires de radiation du titre de monument historique, depuis 1990\u00a0\u00bb, <em>Rencontres doctorales en architecture<\/em> du 12 au 14 septembre, ENSA Paris Belleville, Paris, 2103.<\/p>\n<p style=\"text-align: justify\"><strong>Dufieux, Philippe<\/strong>\u00a0; \u00ab\u00a0Le mus\u00e9e gallo-romain \u00e0 l\u2019\u00e9preuve de l\u2019histoire\u00a0\u00bb, <em>Journ\u00e9e d\u2019\u00e9tudes sur le patrimoine du XXe si\u00e8cle<\/em>, Lyon, DRAC Rh\u00f4ne-Alpes, STAP, 24 novembre 2015<\/p>\n<p style=\"text-align: justify\"><strong>Fiori, Sandra<\/strong> ; \u201cPerspectives on contemporary forms of cityness\u201d, <em>11th Summer School in Urban Anthropology \u201cnew cultural practices and the balkan city\u201d<\/em>, Varna (Bulgaria), 01-13.09.2013.<\/p>\n<p style=\"text-align: justify\"><strong>Fiori, Sandra<\/strong>\u00a0; \u201cAu carrefour de Di\u00e9ma (Mali) \u2013 Observations ethnographiques\u201d, <em>3e rencontres des \u00e9tudes africaines en France, L\u2019Afrique des\/en r\u00e9seaux<\/em>, GIS \u201cEtudes africaines en France\u201d, Bordeaux, 30.06 \u2013 03.07.2014.<\/p>\n<p style=\"text-align: justify\"><strong>Fiori, Sandra<\/strong>\u00a0; \u201cPr\u00e9sentation du projet de journ\u00e9e d\u2019\u00e9tude Faire la ville en biens communs\u201d, S\u00e9minaire <em>Perspectives Territorialistes, session \u201cles travaux en r\u00e9gions 2\u201d<\/em>, ADES CNRS, Bordeaux 28.05.2015.<\/p>\n<p style=\"text-align: justify\"><strong>Fiori S.\u00a0; Brossaud, C.<\/strong>\u00a0; Animation de la table-ronde, journ\u00e9e d\u2019\u00e9tude <em>Faire la ville en (biens) communs<\/em>, EVS-Laure, ENSAL, Vaulx-en-Velin, 10.10.2015.<\/p>\n<p style=\"text-align: justify\"><strong>Fiori, Sandra<\/strong>\u00a0; Animation de la table-ronde \u00ab L\u2019urbanisme lumi\u00e8re \u00bb, <em>colloque international Cohabiter les nuits urbaines<\/em>, Universit\u00e9 Paris-Est Marne-la-Vall\u00e9e, Champs-sur-Marne, 5 mars 2015.<\/p>\n<p style=\"text-align: justify\"><strong>Monnot, Suzanne<\/strong> ; \u00ab\u00a0Constructions en terre en Arm\u00e9nie: de l\u2019h\u00e9ritage au patrimoine pour dynamiser les territoires ?\u00a0\u00bb, s\u00e9minaire Atelier 6 de UMR EVS\u00a0: <em>Patrimonialisations plurielles : actualit\u00e9s et questions de recherche<\/em>, 11 d\u00e9cembre 2015<\/p>\n<p style=\"text-align: justify\"><strong>Monnot, Suzanne<\/strong> ; \u00ab Earth architecture and buildings in Armenia: possible strategy(s) for recognition and patrimonialisation aimed at the development of territories \u00bb; <em>2nd International Conf\u00e9rence Conservation and restoration of armenian historic architectural heritage<\/em> ; Organis\u00e9 par l\u2019UNACA, Armenian Mekhitarist Congregation, Minist\u00e8re du D\u00e9veloppement Urbain d\u2019Arm\u00e9nie, Ambassade d\u2019Arm\u00e9nie en Italie, Venise, Italie, 10-13 Mai 2015<\/p>\n<p style=\"text-align: justify\"><strong>Monnot, Suzanne<\/strong> ; \u00ab Voyages en architectures thermales \u00bb\u00a0; table-ronde avec : Chaubin, F.\u00a0; Kermadec, L. de\u00a0; Kirtadze, N.\u00a0; Lombardi, J.\u00a0; Martirosyan, N.\u00a0; exposition <em>Transcaucases 2014<\/em> \u00e0 l\u2019INALCO (Institut National des Langues et Civilisations Orientales), Paris, 3 novembre 2014.<\/p>\n<p style=\"text-align: justify\"><strong>Perrier, Olivier<\/strong>\u00a0; \u00ab Entre mod\u00e9lisation et improvisation: \u00e9chec et espoir de l\u2019ornementalisation. Vers une rythmologie de l\u2019architecture. \u00bb, <em>Rencontres Doctorales en Architecture<\/em>, Ecole Nationale Sup\u00e9rieure d\u2019Architecture de Paris-Belleville, 13 septembre 2013<\/p>\n<p style=\"text-align: justify\"><strong>Veschambre, Vincent<\/strong>\u00a0; \u00ab Du dynamitage au grignotage : enjeux symboliques et techniques de la d\u00e9molition dans les grands ensembles \u00bb, Journ\u00e9es d\u2019\u00e9tude du CARISM (EA 2293) <em>: L\u2019effondrement : figures et performances de l\u2019\u00e9v\u00e9nement<\/em>, Universit\u00e9 Paris 2 \/ Panth\u00e9on-Assas, 7 mars 2013.<\/p>\n<p style=\"text-align: justify\"><strong>Veschambre, Vincent<\/strong>\u00a0; \u00ab La r\u00e9utilisation des h\u00e9ritages b\u00e2tis et la question patrimoniale \u00bb, introduction des <em>Rencontres r\u00e9gionales du patrimoine<\/em>, R\u00e9gion des Pays de la Loire, Fontevraud, 24 octobre 2013.<\/p>\n<p style=\"text-align: justify\"><strong>Veschambre, Vincent<\/strong>\u00a0; Participation \u00e0 la table ronde \u00ab La patrimonialisation de l\u2019architecture des ann\u00e9es 1960-1970 : acteurs, \u00e9cueils, d\u00e9fis \u00bb, Journ\u00e9e d\u2019\u00e9tude <em>L\u2019h\u00e9ritage Candilis Une patrimonialisation \u00e0 suivre<\/em>, Fondation Hell\u00e9nique, Cit\u00e9 universitaire, Paris, 27 novembre 2015.<\/p>\n<p style=\"text-align: justify\"><strong>Veschambre, Vincent<\/strong>\u00a0; \u00ab La trace, du langage commun \u00e0 l\u2019outil conceptuel : sur les traces d\u2019une d\u00e9marche th\u00e9orique pour penser l\u2019appropriation de l\u2019espace \u00bb, communication \u00e0 la journ\u00e9e d\u2019\u00e9tude du <em>projet \u00e9mergent \u00ab Traces \u00bb<\/em> de la Maison Europ\u00e9enne des Sciences de l\u2019Homme et de la Soci\u00e9t\u00e9 Lille-Nord de France, Lille, MESHS, 4 d\u00e9cembre 2015.<\/p>\n<p style=\"text-align: justify\"><strong>AFF : Communications par affiche dans un congr\u00e8s international ou national.<\/strong><\/p>\n<p style=\"text-align: justify\"><strong>Monnot, Suzanne<\/strong> ; \u201cConstructions et Architectures de terre en Arm\u00e9nie. Reconnaissance et patrimonialisation pour le d\u00e9veloppement des territoires\u201d Pr\u00e9sentation lors du <em>3\u00e8me Congr\u00e8s Doctoral, lors des Journ\u00e9es de l\u2019UMR 5600 EVS<\/em>, 27-29 mai 2015<\/p>\n","protected":false},"excerpt":{"rendered":"<p>ACTI : Communications avec actes dans un congr\u00e8s international. Meynier-Philip, M.; \u00ab\u00a0\u00c9glises XX\u00e8me, un manifeste de flexibilit\u00e9 architecturale. Etude sur la m\u00e9tropole Lyon Saint-Etienne\u00a0\u00bb, dans\u00a0L\u2019avenir des \u00e9glises, Lyon, France, le 20 octobre 2016 (publication des actes automne 2017) Morl\u00e9, E.; Castaigne, J.-L.; \u00ab Valoriser la conception partag\u00e9e en \u00e9quipe dans l\u2019enseignement de l\u2019architecture pour changer &hellip; <a href=\"https:\/\/www.laure.archi.fr\/?page_id=312\" class=\"more-link\">Continuer la lecture de <span class=\"screen-reader-text\">3. Communications<\/span> <span class=\"meta-nav\">&rarr;<\/span><\/a><\/p>\n","protected":false},"author":2,"featured_media":0,"parent":0,"menu_order":0,"comment_status":"closed","ping_status":"closed","template":"","meta":[],"_links":{"self":[{"href":"https:\/\/www.laure.archi.fr\/index.php?rest_route=\/wp\/v2\/pages\/312"}],"collection":[{"href":"https:\/\/www.laure.archi.fr\/index.php?rest_route=\/wp\/v2\/pages"}],"about":[{"href":"https:\/\/www.laure.archi.fr\/index.php?rest_route=\/wp\/v2\/types\/page"}],"author":[{"embeddable":true,"href":"https:\/\/www.laure.archi.fr\/index.php?rest_route=\/wp\/v2\/users\/2"}],"replies":[{"embeddable":true,"href":"https:\/\/www.laure.archi.fr\/index.php?rest_route=%2Fwp%2Fv2%2Fcomments&post=312"}],"version-history":[{"count":0,"href":"https:\/\/www.laure.archi.fr\/index.php?rest_route=\/wp\/v2\/pages\/312\/revisions"}],"wp:attachment":[{"href":"https:\/\/www.laure.archi.fr\/index.php?rest_route=%2Fwp%2Fv2%2Fmedia&parent=312"}],"curies":[{"name":"wp","href":"https:\/\/api.w.org\/{rel}","templated":true}]}}