{"id":169,"date":"2016-04-04T08:41:38","date_gmt":"2016-04-04T06:41:38","guid":{"rendered":"http:\/\/laureensal.hypotheses.org\/?page_id=169"},"modified":"2019-09-04T11:01:20","modified_gmt":"2019-09-04T09:01:20","slug":"corine-vedrine","status":"publish","type":"page","link":"https:\/\/www.laure.archi.fr\/?page_id=169","title":{"rendered":"Corine Vedrine"},"content":{"rendered":"<p><img loading=\"lazy\" class=\"alignnone wp-image-465 size-medium\" src=\"http:\/\/labo-laure.lyon.archi.fr\/wp-content\/uploads\/2016\/06\/VEDRINE-CORINNE-258x300.jpg\" width=\"258\" height=\"300\" srcset=\"https:\/\/www.laure.archi.fr\/wp-content\/uploads\/2016\/06\/VEDRINE-CORINNE-258x300.jpg 258w, https:\/\/www.laure.archi.fr\/wp-content\/uploads\/2016\/06\/VEDRINE-CORINNE.jpg 430w\" sizes=\"(max-width: 258px) 100vw, 258px\" \/><\/p>\n<p>corine.vedrine@lyon.archi.fr<\/p>\n<p style=\"text-align: justify\">Socio-anthropologue \/ Docteure en changement social, option ethnologie, qualifi\u00e9e en sociologie (section 19) et ethnologie (section 20) \/ Maitre-assistante SHSA ENSA \/ Membre EVS-LAURE \/ Membre associ\u00e9 Centre Max Weber<\/p>\n<p><strong>Axes de recherche<\/strong><\/p>\n<p style=\"text-align: justify\">Imaginaires urbains et politiques urbaines des villes industrielles en reconversion.<\/p>\n<p style=\"text-align: justify\">De la ville industrielle \u00e0 la ville n\u00e9olib\u00e9rale. Articulation de l\u2019esprit du capitalisme \u00e0 l\u2019espace urbain.<\/p>\n<p style=\"text-align: justify\">Les constructions mythiques industrielles et urbaines.<\/p>\n<p style=\"text-align: justify\">Socialisations professionnelles et inscriptions territoriales.<\/p>\n<p style=\"text-align: justify\">V\u00e9cus et repr\u00e9sentations li\u00e9es aux \u00e9tudes d\u2019art et d\u2019architecture.<\/p>\n<p style=\"text-align: justify\"><em>Recherche action<\/em>\u00a0: usages et pratiques d\u2019espaces du quotidien, en partenariat avec une agence de design, Talking Things.<\/p>\n<p><strong>Responsabilit\u00e9s collectives<\/strong><\/p>\n<p>Membre de la CPR, de la CVE et de la commission d\u2019orientation<\/p>\n<p>&nbsp;<\/p>\n<p><strong>Communications\/Publications (les 5 plus significatives)<\/strong><\/p>\n<p style=\"text-align: justify\"><em>&#8211; L\u2019esprit du capitalisme selon Michelin. Ethnologie d\u2019un mythe industriel<\/em>, \u00c9ditions Puse, Saint-Etienne, 2015.<\/p>\n<p style=\"text-align: justify\">&#8211; \u00ab\u00a0<a href=\"https:\/\/halshs.archives-ouvertes.fr\/halshs-01069840\"><u>Des espaces disciplinaires aux espaces de jouissance : les transformations de michelinville<\/u><\/a>\u00a0\u00bb,\u00a0<em>Espaces et soci\u00e9t\u00e9s<\/em>, volume 3, n\u00b0158, Er\u00e8s, 2014, p.\u00a0135-149<\/p>\n<p style=\"text-align: justify\">&#8211; \u00ab\u00a0Social imagination and heritagisation. How heritage is used to set up an international industrial myth of a secrecy firm<strong>. <\/strong>The case of \u201cAventure Michelin\u201d exhibited in Clermont-Ferrand (France)\u00a0\u00bb. <em>Seminar BG<\/em>, mai 2013, issue 8, <a href=\"http:\/\/seminar-bg.eu\/spisanie-seminar-bg\/broy8\/item\/366-%D1%81%D0%BE%D1%86%D0%B8%D0%B0%D0%BB%D0%BD%D0%BE-%D0%B2%D1%8A%D0%BE%D0%B1%D1%80%D0%B0%D0%B6%D0%B5%D0%BD%D0%B8%D0%B5-%D0%B8-%D0%BA%D0%BE%D0%BD%D1%81%D1%82%D1%80%D1%83%D0%B8%D1%80%D0%B0%D0%BD%D0%B5-%D0%BD%D0%B0-\"><u>http:\/\/seminar-bg.eu\/spisanie-seminar-bg\/broy8\/item\/366-\u0441\u043e\u0446\u0438\u0430\u043b\u043d\u043e-\u0432\u044a\u043e\u0431\u0440\u0430\u0436\u0435\u043d\u0438\u0435-\u0438-\u043a\u043e\u043d\u0441\u0442\u0440\u0443\u0438\u0440\u0430\u043d\u0435-\u043d\u0430-<\/u><\/a><\/p>\n<p style=\"text-align: justify\">&#8211; \u00ab\u00a0Anthropology of policies and ideology of capitalism in the EU. Exploring citizenship, diversity and production of common values in the social, urban and market post-welfare state context\u00a0\u00bb (sous la direction de Manos Spyridakis et Corine V\u00e9drine), <em>En Cours<\/em>, n\u00b011, d\u00e9cembre 2009.<\/p>\n<p style=\"text-align: justify\">&#8211; \u00ab\u00a0La manipulation du patrimoine pour la r\u00e9\u00e9valuation d\u2019un mythe industriel local aux \u00e9chelles nationale et mondiale\u00a0\u00bb, in <em>Strat\u00e9gies identitaires de conservation et de valorisation du patrimoine<\/em>, sous la direction de Jean-Claude Nemery, Michel Rautenberg et Fabrice Thuriot, L\u2019Harmattan, Paris, 2008, p. 89-98.<\/p>\n<p style=\"text-align: justify\"><a href=\"http:\/\/labo-laure.lyon.archi.fr\/wp-content\/uploads\/2016\/04\/Curriculum-Vitae-cv.docx\">CV Corine Vedrine<\/a><\/p>\n","protected":false},"excerpt":{"rendered":"<p>corine.vedrine@lyon.archi.fr Socio-anthropologue \/ Docteure en changement social, option ethnologie, qualifi\u00e9e en sociologie (section 19) et ethnologie (section 20) \/ Maitre-assistante SHSA ENSA \/ Membre EVS-LAURE \/ Membre associ\u00e9 Centre Max Weber Axes de recherche Imaginaires urbains et politiques urbaines des villes industrielles en reconversion. De la ville industrielle \u00e0 la ville n\u00e9olib\u00e9rale. Articulation de l\u2019esprit &hellip; <a href=\"https:\/\/www.laure.archi.fr\/?page_id=169\" class=\"more-link\">Continuer la lecture de <span class=\"screen-reader-text\">Corine Vedrine<\/span> <span class=\"meta-nav\">&rarr;<\/span><\/a><\/p>\n","protected":false},"author":2,"featured_media":0,"parent":19,"menu_order":0,"comment_status":"closed","ping_status":"closed","template":"","meta":[],"_links":{"self":[{"href":"https:\/\/www.laure.archi.fr\/index.php?rest_route=\/wp\/v2\/pages\/169"}],"collection":[{"href":"https:\/\/www.laure.archi.fr\/index.php?rest_route=\/wp\/v2\/pages"}],"about":[{"href":"https:\/\/www.laure.archi.fr\/index.php?rest_route=\/wp\/v2\/types\/page"}],"author":[{"embeddable":true,"href":"https:\/\/www.laure.archi.fr\/index.php?rest_route=\/wp\/v2\/users\/2"}],"replies":[{"embeddable":true,"href":"https:\/\/www.laure.archi.fr\/index.php?rest_route=%2Fwp%2Fv2%2Fcomments&post=169"}],"version-history":[{"count":1,"href":"https:\/\/www.laure.archi.fr\/index.php?rest_route=\/wp\/v2\/pages\/169\/revisions"}],"predecessor-version":[{"id":1146,"href":"https:\/\/www.laure.archi.fr\/index.php?rest_route=\/wp\/v2\/pages\/169\/revisions\/1146"}],"up":[{"embeddable":true,"href":"https:\/\/www.laure.archi.fr\/index.php?rest_route=\/wp\/v2\/pages\/19"}],"wp:attachment":[{"href":"https:\/\/www.laure.archi.fr\/index.php?rest_route=%2Fwp%2Fv2%2Fmedia&parent=169"}],"curies":[{"name":"wp","href":"https:\/\/api.w.org\/{rel}","templated":true}]}}